{"id":982,"date":"2023-02-28T11:38:09","date_gmt":"2023-02-28T11:38:09","guid":{"rendered":"https:\/\/wiseup.itcmdev.es\/?page_id=982"},"modified":"2023-06-15T07:29:39","modified_gmt":"2023-06-15T07:29:39","slug":"servicios","status":"publish","type":"page","link":"https:\/\/wiseup.es\/en\/servicios\/","title":{"rendered":"Services"},"content":{"rendered":"<div class=\"container clearfix\">\n\t<div class=\"vc_row wpb_row vc_custom_1681368452928\">\n\t\t<div class=\"wpb_column vc_column_container vc_col-sm-12\"><div class=\"vc_column-inner\"><div class=\"wpb_wrapper\"><div class=\"vc_empty_space\"   style=\"height: 50px\"><span class=\"vc_empty_space_inner\"><\/span><\/div><\/div><\/div><\/div>\t<\/div>\n<\/div>\n\n<section class=\"vc_section vc_custom_1681368420767\">\n\t\n<div class=\"container clearfix\">\n\t<div class=\"vc_row wpb_row vc_custom_1681368464456\">\n\t\t<div class=\"wpb_column vc_column_container vc_col-sm-6\"><div class=\"vc_column-inner\"><div class=\"wpb_wrapper\">\n\t<div class=\"wpb_text_column wpb_content_element\" >\n\t\t<div class=\"wpb_wrapper\">\n\t\t\t<h2>SaaS (Software as Services) opens up new possibilities<\/h2>\n\n\t\t<\/div>\n\t<\/div>\n<div class=\"vc_separator wpb_content_element vc_separator_align_center vc_sep_width_100 vc_sep_pos_align_center vc_separator_no_text vc_sep_color_grey\" ><span class=\"vc_sep_holder vc_sep_holder_l\"><span  class=\"vc_sep_line\"><\/span><\/span><span class=\"vc_sep_holder vc_sep_holder_r\"><span  class=\"vc_sep_line\"><\/span><\/span>\n<\/div>\n\t<div class=\"wpb_text_column wpb_content_element\" >\n\t\t<div class=\"wpb_wrapper\">\n\t\t\t<p>Connect and control your teams to analyze data and improve your business \nresults by automating and controlling processes through our portfolio of \nservices.<\/p>\n<p>&nbsp;<\/p>\n<p>WiseUp designs and implements the best data collection solution so the property can obtain reliable data for analysis and management.<\/p>\n\n\t\t<\/div>\n\t<\/div>\n<\/div><\/div><\/div><div class=\"wpb_column vc_column_container vc_col-sm-6\"><div class=\"vc_column-inner\"><div class=\"wpb_wrapper\"><div class=\"vc_empty_space\"   style=\"height: 80px\"><span class=\"vc_empty_space_inner\"><\/span><\/div>\n\t<div  class=\"wpb_single_image wpb_content_element vc_align_left\">\n\t\t\n\t\t<figure class=\"wpb_wrapper vc_figure\">\n\t\t\t<a href=\"https:\/\/wiseup.es\/wp-content\/uploads\/2023\/03\/API-1024x576.png\" target=\"_blank\" class=\"vc_single_image-wrapper   vc_box_border_grey\"><img loading=\"lazy\" decoding=\"async\" width=\"5760\" height=\"3240\" src=\"https:\/\/wiseup.es\/wp-content\/uploads\/2023\/03\/API.png\" class=\"vc_single_image-img attachment-full\" alt=\"\" title=\"API\" srcset=\"https:\/\/wiseup.es\/wp-content\/uploads\/2023\/03\/API.png 5760w, https:\/\/wiseup.es\/wp-content\/uploads\/2023\/03\/API-300x169.png 300w, https:\/\/wiseup.es\/wp-content\/uploads\/2023\/03\/API-1024x576.png 1024w, https:\/\/wiseup.es\/wp-content\/uploads\/2023\/03\/API-768x432.png 768w, https:\/\/wiseup.es\/wp-content\/uploads\/2023\/03\/API-1536x864.png 1536w, https:\/\/wiseup.es\/wp-content\/uploads\/2023\/03\/API-2048x1152.png 2048w, https:\/\/wiseup.es\/wp-content\/uploads\/2023\/03\/API-18x10.png 18w, https:\/\/wiseup.es\/wp-content\/uploads\/2023\/03\/API-133x75.png 133w, https:\/\/wiseup.es\/wp-content\/uploads\/2023\/03\/API-235x132.png 235w, https:\/\/wiseup.es\/wp-content\/uploads\/2023\/03\/API-480x270.png 480w, https:\/\/wiseup.es\/wp-content\/uploads\/2023\/03\/API-740x416.png 740w, https:\/\/wiseup.es\/wp-content\/uploads\/2023\/03\/API-1520x855.png 1520w\" sizes=\"auto, (max-width: 5760px) 100vw, 5760px\" \/><\/a>\n\t\t<\/figure>\n\t<\/div>\n<\/div><\/div><\/div>\t<\/div>\n<\/div>\n<\/section>\n\n<div class=\"container-fluid clearfix\">\n\t<div class=\"vc_row wpb_row vc_row-no-padding\">\n\t\t<div class=\"wpb_column vc_column_container vc_col-sm-12\"><div class=\"vc_column-inner\"><div class=\"wpb_wrapper\">\n\t<div class=\"wpb_raw_code wpb_content_element wpb_raw_html\" >\n\t\t<div class=\"wpb_wrapper\">\n\t\t\t<div style=\"display: flex;justify-content: space-evenly;background: url(https:\/\/wiseup.itcmdev.es\/wp-content\/uploads\/2023\/04\/arboles2-scaled.jpg);background-position: center;\">\n<div style=\"display: flex;flex-direction: column;align-items: center;margin:1rem;padding:1rem;width:20%;background-color:white;\">\n<svg xmlns=\"http:\/\/www.w3.org\/2000\/svg\" height=\"48\" viewbox=\"0 96 960 960\" width=\"48\"><path d=\"m232 699-63-63q70-70 146.5-105T480 496q88 0 164.5 35T791 636l-63 63q-61-61-123-87t-125-26q-63 0-125 26t-123 87ZM63 530 0 467q93-95 216.5-153T480 256q140 0 263.5 58T960 467l-63 63q-88-84-192.5-134T480 346q-120 0-224.5 50T63 530Zm417 417 148-149q-29-29-66.5-45.5T480 736q-44 0-81.5 16.5T332 798l148 149Z\"\/><\/svg><h4 style=\"text-align:center;\">Connectivity<\/h4>\n<p style=\"text-align:center;\">We develop applications for field services. You will be able to reduce operating times, you will have the maximum information to establish diagnoses and you will facilitate making quickly and reliably decisions.<\/p>\n<\/div>\n<div style=\"display: flex;flex-direction: column;align-items: center;margin:1rem;padding:1rem;width:20%;background-color:white;\">\n<svg xmlns=\"http:\/\/www.w3.org\/2000\/svg\" height=\"48\" viewbox=\"0 96 960 960\" width=\"48\"><path d=\"m89 807-49-36 188-300 119.571 140L507 353l109 162q-16 2-31 6.5T555 532l-45-69-152.557 249L236 571 89 807Zm788 209L743 882q-21 15-45.5 23t-50.5 8q-70.833 0-120.417-49.618Q477 813.765 477 742.882 477 672 526.618 622.5q49.617-49.5 120.5-49.5Q718 573 767.5 622.583 817 672.167 817 743q0 26-8.5 50.5T786 840.448L920 973l-43 43ZM646.859 853Q693 853 725 821.141q32-31.859 32-78T725.141 665q-31.859-32-78-32T569 664.859q-32 31.859-32 78T568.859 821q31.859 32 78 32ZM721 525q-15-6-31-8t-33-4l214-337 49 36-199 313Z\"\/><\/svg>\n<h4 style=\"text-align:center;\">Analytics<\/h4>\n<p style=\"text-align:center;\">With our IoT platform we provide you with continuous analysis of system data and act as \nyour personal advisor to identify significant and cost-effective improvements to reduce \nenergy, maintenance and operations costs.<\/p>\n<\/div>\n<div style=\"display: flex;flex-direction: column;align-items: center;margin:1rem;padding:1rem;width:20%;background-color:white;\">\n<img width=\"48\" height=\"48\" src=\"https:\/\/wiseup.es\/wp-content\/uploads\/2023\/02\/devices_FILL0_wght300_GRAD0_opsz48.png\" class=\"vc_single_image-img attachment-thumbnail\" alt=\"\" decoding=\"async\" loading=\"lazy\" title=\"devices_FILL0_wght300_GRAD0_opsz48\">\n<h4 style=\"text-align:center;\">Apps<\/h4>\n<p style=\"text-align:center;\">In many cases, the property has many properties with few facilities to reach its clients in\nthe cities and needs to monitor very little data through a reliable solution with a correct \neffective cost.<\/p>\n<\/div>\n<\/div>\n\t\t<\/div>\n\t<\/div>\n<\/div><\/div><\/div>\t<\/div>\n<\/div>","protected":false},"excerpt":{"rendered":"SaaS (Software as Services) abre nuevas posibilidades Conectar y controlar sus equipos para analizar los datos y mejorar los resultados de su negocio mediante la automatizaci\u00f3n y control de los procesos a trav\u00e9s de nuestra cartera de servicios. &nbsp; WiseUp dise\u00f1a e implementa la mejor soluci\u00f3n de recogida de datos para que la propiedad pueda [...]","protected":false},"author":1,"featured_media":0,"parent":0,"menu_order":0,"comment_status":"closed","ping_status":"closed","template":"","meta":{"footnotes":""},"class_list":["post-982","page","type-page","status-publish","hentry"],"yoast_head":"<!-- This site is optimized with the Yoast SEO plugin v20.9 - https:\/\/yoast.com\/wordpress\/plugins\/seo\/ -->\n<title>Servicios - Wise Up<\/title>\n<meta name=\"robots\" content=\"index, follow, max-snippet:-1, max-image-preview:large, max-video-preview:-1\" \/>\n<link rel=\"canonical\" href=\"https:\/\/wiseup.es\/en\/servicios\/\" \/>\n<meta property=\"og:locale\" content=\"en_GB\" \/>\n<meta property=\"og:type\" content=\"article\" \/>\n<meta property=\"og:title\" content=\"Servicios - Wise Up\" \/>\n<meta property=\"og:url\" content=\"https:\/\/wiseup.es\/en\/servicios\/\" \/>\n<meta property=\"og:site_name\" content=\"Wise Up\" \/>\n<meta property=\"article:modified_time\" content=\"2023-06-15T07:29:39+00:00\" \/>\n<meta name=\"twitter:card\" content=\"summary_large_image\" \/>\n<meta name=\"twitter:label1\" content=\"Estimated reading time\" \/>\n\t<meta name=\"twitter:data1\" content=\"1 minute\" \/>\n<script type=\"application\/ld+json\" class=\"yoast-schema-graph\">{\"@context\":\"https:\/\/schema.org\",\"@graph\":[{\"@type\":\"WebPage\",\"@id\":\"https:\/\/wiseup.es\/servicios\/\",\"url\":\"https:\/\/wiseup.es\/servicios\/\",\"name\":\"Servicios - Wise Up\",\"isPartOf\":{\"@id\":\"https:\/\/wiseup.es\/#website\"},\"datePublished\":\"2023-02-28T11:38:09+00:00\",\"dateModified\":\"2023-06-15T07:29:39+00:00\",\"breadcrumb\":{\"@id\":\"https:\/\/wiseup.es\/servicios\/#breadcrumb\"},\"inLanguage\":\"en-GB\",\"potentialAction\":[{\"@type\":\"ReadAction\",\"target\":[\"https:\/\/wiseup.es\/servicios\/\"]}]},{\"@type\":\"BreadcrumbList\",\"@id\":\"https:\/\/wiseup.es\/servicios\/#breadcrumb\",\"itemListElement\":[{\"@type\":\"ListItem\",\"position\":1,\"name\":\"Portada\",\"item\":\"https:\/\/wiseup.es\/\"},{\"@type\":\"ListItem\",\"position\":2,\"name\":\"Servicios\"}]},{\"@type\":\"WebSite\",\"@id\":\"https:\/\/wiseup.es\/#website\",\"url\":\"https:\/\/wiseup.es\/\",\"name\":\"Wise Up\",\"description\":\"Edificios inteligentes. Optimizamos energ\u00eda y operaciones.\",\"publisher\":{\"@id\":\"https:\/\/wiseup.es\/#organization\"},\"potentialAction\":[{\"@type\":\"SearchAction\",\"target\":{\"@type\":\"EntryPoint\",\"urlTemplate\":\"https:\/\/wiseup.es\/?s={search_term_string}\"},\"query-input\":\"required name=search_term_string\"}],\"inLanguage\":\"en-GB\"},{\"@type\":\"Organization\",\"@id\":\"https:\/\/wiseup.es\/#organization\",\"name\":\"Wise Up\",\"url\":\"https:\/\/wiseup.es\/\",\"logo\":{\"@type\":\"ImageObject\",\"inLanguage\":\"en-GB\",\"@id\":\"https:\/\/wiseup.es\/#\/schema\/logo\/image\/\",\"url\":\"https:\/\/wiseup.es\/wp-content\/uploads\/2023\/02\/cropped-cropped-wiseup-logo.png\",\"contentUrl\":\"https:\/\/wiseup.es\/wp-content\/uploads\/2023\/02\/cropped-cropped-wiseup-logo.png\",\"width\":869,\"height\":890,\"caption\":\"Wise Up\"},\"image\":{\"@id\":\"https:\/\/wiseup.es\/#\/schema\/logo\/image\/\"}}]}<\/script>\n<!-- \/ Yoast SEO plugin. -->","yoast_head_json":{"title":"Servicios - Wise Up","robots":{"index":"index","follow":"follow","max-snippet":"max-snippet:-1","max-image-preview":"max-image-preview:large","max-video-preview":"max-video-preview:-1"},"canonical":"https:\/\/wiseup.es\/en\/servicios\/","og_locale":"en_GB","og_type":"article","og_title":"Servicios - Wise Up","og_url":"https:\/\/wiseup.es\/en\/servicios\/","og_site_name":"Wise Up","article_modified_time":"2023-06-15T07:29:39+00:00","twitter_card":"summary_large_image","twitter_misc":{"Estimated reading time":"1 minute"},"schema":{"@context":"https:\/\/schema.org","@graph":[{"@type":"WebPage","@id":"https:\/\/wiseup.es\/servicios\/","url":"https:\/\/wiseup.es\/servicios\/","name":"Servicios - Wise Up","isPartOf":{"@id":"https:\/\/wiseup.es\/#website"},"datePublished":"2023-02-28T11:38:09+00:00","dateModified":"2023-06-15T07:29:39+00:00","breadcrumb":{"@id":"https:\/\/wiseup.es\/servicios\/#breadcrumb"},"inLanguage":"en-GB","potentialAction":[{"@type":"ReadAction","target":["https:\/\/wiseup.es\/servicios\/"]}]},{"@type":"BreadcrumbList","@id":"https:\/\/wiseup.es\/servicios\/#breadcrumb","itemListElement":[{"@type":"ListItem","position":1,"name":"Portada","item":"https:\/\/wiseup.es\/"},{"@type":"ListItem","position":2,"name":"Servicios"}]},{"@type":"WebSite","@id":"https:\/\/wiseup.es\/#website","url":"https:\/\/wiseup.es\/","name":"Wise Up","description":"Edificios inteligentes. Optimizamos energ\u00eda y operaciones.","publisher":{"@id":"https:\/\/wiseup.es\/#organization"},"potentialAction":[{"@type":"SearchAction","target":{"@type":"EntryPoint","urlTemplate":"https:\/\/wiseup.es\/?s={search_term_string}"},"query-input":"required name=search_term_string"}],"inLanguage":"en-GB"},{"@type":"Organization","@id":"https:\/\/wiseup.es\/#organization","name":"Wise Up","url":"https:\/\/wiseup.es\/","logo":{"@type":"ImageObject","inLanguage":"en-GB","@id":"https:\/\/wiseup.es\/#\/schema\/logo\/image\/","url":"https:\/\/wiseup.es\/wp-content\/uploads\/2023\/02\/cropped-cropped-wiseup-logo.png","contentUrl":"https:\/\/wiseup.es\/wp-content\/uploads\/2023\/02\/cropped-cropped-wiseup-logo.png","width":869,"height":890,"caption":"Wise Up"},"image":{"@id":"https:\/\/wiseup.es\/#\/schema\/logo\/image\/"}}]}},"_links":{"self":[{"href":"https:\/\/wiseup.es\/en\/wp-json\/wp\/v2\/pages\/982","targetHints":{"allow":["GET"]}}],"collection":[{"href":"https:\/\/wiseup.es\/en\/wp-json\/wp\/v2\/pages"}],"about":[{"href":"https:\/\/wiseup.es\/en\/wp-json\/wp\/v2\/types\/page"}],"author":[{"embeddable":true,"href":"https:\/\/wiseup.es\/en\/wp-json\/wp\/v2\/users\/1"}],"replies":[{"embeddable":true,"href":"https:\/\/wiseup.es\/en\/wp-json\/wp\/v2\/comments?post=982"}],"version-history":[{"count":39,"href":"https:\/\/wiseup.es\/en\/wp-json\/wp\/v2\/pages\/982\/revisions"}],"predecessor-version":[{"id":2153,"href":"https:\/\/wiseup.es\/en\/wp-json\/wp\/v2\/pages\/982\/revisions\/2153"}],"wp:attachment":[{"href":"https:\/\/wiseup.es\/en\/wp-json\/wp\/v2\/media?parent=982"}],"curies":[{"name":"wp","href":"https:\/\/api.w.org\/{rel}","templated":true}]}}