{"id":21,"date":"2017-10-01T19:20:10","date_gmt":"2017-10-01T19:20:10","guid":{"rendered":"https:\/\/import.brothersthemes.com\/nur\/?page_id=21"},"modified":"2023-06-15T10:14:10","modified_gmt":"2023-06-15T10:14:10","slug":"proyectos","status":"publish","type":"page","link":"https:\/\/wiseup.es\/en\/proyectos\/","title":{"rendered":"Projects"},"content":{"rendered":"<section class=\"vc_section\">\n\t\n<div class=\"container clearfix\">\n\t<div class=\"vc_row wpb_row\">\n\t\t<div class=\"wpb_column vc_column_container vc_col-sm-12\"><div class=\"vc_column-inner\"><div class=\"wpb_wrapper\">\n\t<div class=\"wpb_text_column wpb_content_element\" >\n\t\t<div class=\"wpb_wrapper\">\n\t\t\t<h2 style=\"text-align: center;\">Our projects<\/h2>\n\n\t\t<\/div>\n\t<\/div>\n<div class=\"vc_separator wpb_content_element vc_separator_align_center vc_sep_width_100 vc_sep_pos_align_center vc_separator_no_text vc_sep_color_grey\" ><span class=\"vc_sep_holder vc_sep_holder_l\"><span  class=\"vc_sep_line\"><\/span><\/span><span class=\"vc_sep_holder vc_sep_holder_r\"><span  class=\"vc_sep_line\"><\/span><\/span>\n<\/div><\/div><\/div><\/div>\t<\/div>\n<\/div>\n<\/section>\n\n<div class=\"container clearfix\">\n\t<div class=\"vc_row wpb_row\">\n\t\t<div class=\"wpb_column vc_column_container vc_col-sm-12\"><div class=\"vc_column-inner\"><div class=\"wpb_wrapper\">\n<div class=\"vc_grid-container-wrapper vc_clearfix vc_grid-animation-fadeIn\">\n\t<div class=\"vc_grid-container vc_clearfix wpb_content_element vc_basic_grid\" data-initial-loading-animation=\"fadeIn\" data-vc-grid-settings=\"{&quot;page_id&quot;:21,&quot;style&quot;:&quot;all&quot;,&quot;action&quot;:&quot;vc_get_vc_grid_data&quot;,&quot;shortcode_id&quot;:&quot;1686823837662-6cfefb5fef9bb35a87452c7dd84616ae-7&quot;,&quot;tag&quot;:&quot;vc_basic_grid&quot;}\" data-vc-request=\"https:\/\/wiseup.es\/wp-admin\/admin-ajax.php\" data-vc-post-id=\"21\" data-vc-public-nonce=\"19c90085c0\">\n\t\t<style data-type=\"vc_shortcodes-custom-css\">.vc_custom_1419328663991{background-color: #f4f4f4 !important;}<\/style><div class=\"vc_grid-filter-dropdown vc_grid-filter-center vc_grid-filter-color-grey\" data-vc-grid-filter-select=\"project_category\"><div class=\"vc_grid-styled-select\"><select data-filter=\"project_category\"><option class=\"vc_active\" value=\"*\">TODO&nbsp;&nbsp;&nbsp;&nbsp;&nbsp;&nbsp;&nbsp;&nbsp;&nbsp;&nbsp;<\/option><option value=\".vc_grid-term-62\">Energy Management System&nbsp;&nbsp;&nbsp;&nbsp;&nbsp;&nbsp;&nbsp;&nbsp;&nbsp;&nbsp;<\/option><option value=\".vc_grid-term-55\">HOSPITALITY&nbsp;&nbsp;&nbsp;&nbsp;&nbsp;&nbsp;&nbsp;&nbsp;&nbsp;&nbsp;<\/option><option value=\".vc_grid-term-64\">IAQ&nbsp;&nbsp;&nbsp;&nbsp;&nbsp;&nbsp;&nbsp;&nbsp;&nbsp;&nbsp;<\/option><option value=\".vc_grid-term-57\">JUEGO&nbsp;&nbsp;&nbsp;&nbsp;&nbsp;&nbsp;&nbsp;&nbsp;&nbsp;&nbsp;<\/option><option value=\".vc_grid-term-61\">Metering-BMS integraci\u00f3n-Submetering&nbsp;&nbsp;&nbsp;&nbsp;&nbsp;&nbsp;&nbsp;&nbsp;&nbsp;&nbsp;<\/option><option value=\".vc_grid-term-59\">Metering-Fiscal&nbsp;&nbsp;&nbsp;&nbsp;&nbsp;&nbsp;&nbsp;&nbsp;&nbsp;&nbsp;<\/option><option value=\".vc_grid-term-60\">Metering-Submetering&nbsp;&nbsp;&nbsp;&nbsp;&nbsp;&nbsp;&nbsp;&nbsp;&nbsp;&nbsp;<\/option><\/select><i class=\"vc_arrow-icon-navicon\"><\/i>\n\t\t<\/div>\n\t<\/div><div class=\"vc_grid vc_row vc_grid-gutter-30px vc_pageable-wrapper vc_hook_hover\" data-vc-pageable-content=\"true\"><div class=\"vc_pageable-slide-wrapper vc_clearfix\" data-vc-grid-content=\"true\"><div class=\"vc_grid-item vc_clearfix vc_col-sm-4 vc_grid-item-zone-c-bottom vc_grid-term-64 vc_grid-term-61 vc_grid-term-59 vc_grid-term-60\"><div class=\"vc_grid-item-mini vc_clearfix\"><div class=\"vc_gitem-animated-block\" ><div class=\"vc_gitem-zone vc_gitem-zone-a vc_gitem-is-link\" style=\"background-image: url('https:\/\/wiseup.es\/wp-content\/uploads\/2023\/06\/agencia-habitatge-250x150.png') !important;\"><a href=\"https:\/\/wiseup.es\/en\/project\/agencia-habitatge\/\" title=\"AGENCIA HABITATGE\" class=\"vc_gitem-link vc-zone-link\" ><\/a><img decoding=\"async\" src=\"https:\/\/wiseup.es\/wp-content\/uploads\/2023\/06\/agencia-habitatge-250x150.png\" class=\"vc_gitem-zone-img\" alt=\"AGENCIA HABITATGE\"><div class=\"vc_gitem-zone-mini\"><\/div><\/div><\/div><div class=\"vc_gitem-zone vc_gitem-zone-c vc_custom_1419328663991\"><div class=\"vc_gitem-zone-mini\"><div class=\"vc_gitem_row vc_row vc_gitem-row-position-top\"><div class=\"vc_col-sm-12 vc_gitem-col vc_gitem-col-align-\"><div class=\"vc_gitem-post-data vc_gitem-post-data-source-post_categories vc_grid-filter vc_clearfix vc_grid-filter vc_clearfix vc_grid-filter- vc_grid-filter-size-md vc_grid-filter-center vc_grid-filter-center\"><\/div><div class=\"vc_custom_heading vc_gitem-post-data vc_gitem-post-data-source-post_title\" ><h4 style=\"text-align: left\" >AGENCIA HABITATGE<\/h4><\/div><div class=\"vc_btn3-container vc_btn3-left\"><a class=\"vc_general vc_btn3 vc_btn3-size-md vc_btn3-shape-rounded vc_btn3-style-flat vc_btn3-color-black\" a href=\"https:\/\/wiseup.es\/en\/project\/agencia-habitatge\/\" title=\"Read more\">Read more<\/a><\/div><\/div><\/div><\/div><\/div><\/div><div class=\"vc_clearfix\"><\/div><\/div><div class=\"vc_grid-item vc_clearfix vc_col-sm-4 vc_grid-item-zone-c-bottom vc_grid-term-55 vc_grid-term-59 vc_grid-term-60\"><div class=\"vc_grid-item-mini vc_clearfix\"><div class=\"vc_gitem-animated-block\" ><div class=\"vc_gitem-zone vc_gitem-zone-a vc_gitem-is-link\" style=\"background-image: url('https:\/\/wiseup.es\/wp-content\/uploads\/2023\/04\/hipartners-250x150.jpg') !important;\"><a href=\"https:\/\/wiseup.es\/en\/project\/hi-partners\/\" title=\"HI PARTNERS\" class=\"vc_gitem-link vc-zone-link\" ><\/a><img decoding=\"async\" src=\"https:\/\/wiseup.es\/wp-content\/uploads\/2023\/04\/hipartners-250x150.jpg\" class=\"vc_gitem-zone-img\" alt=\"HI PARTNERS\"><div class=\"vc_gitem-zone-mini\"><\/div><\/div><\/div><div class=\"vc_gitem-zone vc_gitem-zone-c vc_custom_1419328663991\"><div class=\"vc_gitem-zone-mini\"><div class=\"vc_gitem_row vc_row vc_gitem-row-position-top\"><div class=\"vc_col-sm-12 vc_gitem-col vc_gitem-col-align-\"><div class=\"vc_gitem-post-data vc_gitem-post-data-source-post_categories vc_grid-filter vc_clearfix vc_grid-filter vc_clearfix vc_grid-filter- vc_grid-filter-size-md vc_grid-filter-center vc_grid-filter-center\"><\/div><div class=\"vc_custom_heading vc_gitem-post-data vc_gitem-post-data-source-post_title\" ><h4 style=\"text-align: left\" >HI PARTNERS<\/h4><\/div><div class=\"vc_btn3-container vc_btn3-left\"><a class=\"vc_general vc_btn3 vc_btn3-size-md vc_btn3-shape-rounded vc_btn3-style-flat vc_btn3-color-black\" a href=\"https:\/\/wiseup.es\/en\/project\/hi-partners\/\" title=\"Read more\">Read more<\/a><\/div><\/div><\/div><\/div><\/div><\/div><div class=\"vc_clearfix\"><\/div><\/div><div class=\"vc_grid-item vc_clearfix vc_col-sm-4 vc_grid-item-zone-c-bottom vc_grid-term-64 vc_grid-term-57 vc_grid-term-59 vc_grid-term-60\"><div class=\"vc_grid-item-mini vc_clearfix\"><div class=\"vc_gitem-animated-block\" ><div class=\"vc_gitem-zone vc_gitem-zone-a vc_gitem-is-link\" style=\"background-image: url('https:\/\/wiseup.es\/wp-content\/uploads\/2023\/04\/casino-cirsa-valencia2-250x150.jpg') !important;\"><a href=\"https:\/\/wiseup.es\/en\/project\/cirsa\/\" title=\"CIRSA\" class=\"vc_gitem-link vc-zone-link\" ><\/a><img decoding=\"async\" src=\"https:\/\/wiseup.es\/wp-content\/uploads\/2023\/04\/casino-cirsa-valencia2-250x150.jpg\" class=\"vc_gitem-zone-img\" alt=\"CIRSA\"><div class=\"vc_gitem-zone-mini\"><\/div><\/div><\/div><div class=\"vc_gitem-zone vc_gitem-zone-c vc_custom_1419328663991\"><div class=\"vc_gitem-zone-mini\"><div class=\"vc_gitem_row vc_row vc_gitem-row-position-top\"><div class=\"vc_col-sm-12 vc_gitem-col vc_gitem-col-align-\"><div class=\"vc_gitem-post-data vc_gitem-post-data-source-post_categories vc_grid-filter vc_clearfix vc_grid-filter vc_clearfix vc_grid-filter- vc_grid-filter-size-md vc_grid-filter-center vc_grid-filter-center\"><\/div><div class=\"vc_custom_heading vc_gitem-post-data vc_gitem-post-data-source-post_title\" ><h4 style=\"text-align: left\" >CIRSA<\/h4><\/div><div class=\"vc_btn3-container vc_btn3-left\"><a class=\"vc_general vc_btn3 vc_btn3-size-md vc_btn3-shape-rounded vc_btn3-style-flat vc_btn3-color-black\" a href=\"https:\/\/wiseup.es\/en\/project\/cirsa\/\" title=\"Read more\">Read more<\/a><\/div><\/div><\/div><\/div><\/div><\/div><div class=\"vc_clearfix\"><\/div><\/div><div class=\"vc_grid-item vc_clearfix vc_col-sm-4 vc_grid-item-zone-c-bottom vc_grid-term-62 vc_grid-term-55 vc_grid-term-61 vc_grid-term-59 vc_grid-term-60\"><div class=\"vc_grid-item-mini vc_clearfix\"><div class=\"vc_gitem-animated-block\" ><div class=\"vc_gitem-zone vc_gitem-zone-a vc_gitem-is-link\" style=\"background-image: url('https:\/\/wiseup.es\/wp-content\/uploads\/2023\/04\/Majestic-Costa-Mujeres-1-250x150.jpeg') !important;\"><a href=\"https:\/\/wiseup.es\/en\/project\/majestic-resorts-playa-mujeres\/\" title=\"MAJESTIC RESORTS &#8211; PLAYA MUJERES\" class=\"vc_gitem-link vc-zone-link\" ><\/a><img decoding=\"async\" src=\"https:\/\/wiseup.es\/wp-content\/uploads\/2023\/04\/Majestic-Costa-Mujeres-1-250x150.jpeg\" class=\"vc_gitem-zone-img\" alt=\"MAJESTIC RESORTS - PLAYA MUJERES\"><div class=\"vc_gitem-zone-mini\"><\/div><\/div><\/div><div class=\"vc_gitem-zone vc_gitem-zone-c vc_custom_1419328663991\"><div class=\"vc_gitem-zone-mini\"><div class=\"vc_gitem_row vc_row vc_gitem-row-position-top\"><div class=\"vc_col-sm-12 vc_gitem-col vc_gitem-col-align-\"><div class=\"vc_gitem-post-data vc_gitem-post-data-source-post_categories vc_grid-filter vc_clearfix vc_grid-filter vc_clearfix vc_grid-filter- vc_grid-filter-size-md vc_grid-filter-center vc_grid-filter-center\"><\/div><div class=\"vc_custom_heading vc_gitem-post-data vc_gitem-post-data-source-post_title\" ><h4 style=\"text-align: left\" >MAJESTIC RESORTS &#8211; PLAYA MUJERES<\/h4><\/div><div class=\"vc_btn3-container vc_btn3-left\"><a class=\"vc_general vc_btn3 vc_btn3-size-md vc_btn3-shape-rounded vc_btn3-style-flat vc_btn3-color-black\" a href=\"https:\/\/wiseup.es\/en\/project\/majestic-resorts-playa-mujeres\/\" title=\"Read more\">Read more<\/a><\/div><\/div><\/div><\/div><\/div><\/div><div class=\"vc_clearfix\"><\/div><\/div><div class=\"vc_grid-item vc_clearfix vc_col-sm-4 vc_grid-item-zone-c-bottom vc_grid-term-62 vc_grid-term-55 vc_grid-term-61 vc_grid-term-59 vc_grid-term-60\"><div class=\"vc_grid-item-mini vc_clearfix\"><div class=\"vc_gitem-animated-block\" ><div class=\"vc_gitem-zone vc_gitem-zone-a vc_gitem-is-link\" style=\"background-image: url('https:\/\/wiseup.es\/wp-content\/uploads\/2023\/04\/Majestic-Punta-Cana-1-250x150.jpeg') !important;\"><a href=\"https:\/\/wiseup.es\/en\/project\/majestic-resorts-punta-cana\/\" title=\"MAJESTIC RESORTS &#8211; PUNTA CANA\" class=\"vc_gitem-link vc-zone-link\" ><\/a><img decoding=\"async\" src=\"https:\/\/wiseup.es\/wp-content\/uploads\/2023\/04\/Majestic-Punta-Cana-1-250x150.jpeg\" class=\"vc_gitem-zone-img\" alt=\"MAJESTIC RESORTS - PUNTA CANA\"><div class=\"vc_gitem-zone-mini\"><\/div><\/div><\/div><div class=\"vc_gitem-zone vc_gitem-zone-c vc_custom_1419328663991\"><div class=\"vc_gitem-zone-mini\"><div class=\"vc_gitem_row vc_row vc_gitem-row-position-top\"><div class=\"vc_col-sm-12 vc_gitem-col vc_gitem-col-align-\"><div class=\"vc_gitem-post-data vc_gitem-post-data-source-post_categories vc_grid-filter vc_clearfix vc_grid-filter vc_clearfix vc_grid-filter- vc_grid-filter-size-md vc_grid-filter-center vc_grid-filter-center\"><\/div><div class=\"vc_custom_heading vc_gitem-post-data vc_gitem-post-data-source-post_title\" ><h4 style=\"text-align: left\" >MAJESTIC RESORTS &#8211; PUNTA CANA<\/h4><\/div><div class=\"vc_btn3-container vc_btn3-left\"><a class=\"vc_general vc_btn3 vc_btn3-size-md vc_btn3-shape-rounded vc_btn3-style-flat vc_btn3-color-black\" a href=\"https:\/\/wiseup.es\/en\/project\/majestic-resorts-punta-cana\/\" title=\"Read more\">Read more<\/a><\/div><\/div><\/div><\/div><\/div><\/div><div class=\"vc_clearfix\"><\/div><\/div><div class=\"vc_grid-item vc_clearfix vc_col-sm-4 vc_grid-item-zone-c-bottom vc_grid-term-55 vc_grid-term-59 vc_grid-term-60\"><div class=\"vc_grid-item-mini vc_clearfix\"><div class=\"vc_gitem-animated-block\" ><div class=\"vc_gitem-zone vc_gitem-zone-a vc_gitem-is-link\" style=\"background-image: url('https:\/\/wiseup.es\/wp-content\/uploads\/2023\/04\/RIU-scaled-250x150.jpeg') !important;\"><a href=\"https:\/\/wiseup.es\/en\/project\/riu-hotels-resorts\/\" title=\"RIU HOTELS &#038; RESORTS\" class=\"vc_gitem-link vc-zone-link\" ><\/a><img decoding=\"async\" src=\"https:\/\/wiseup.es\/wp-content\/uploads\/2023\/04\/RIU-scaled-250x150.jpeg\" class=\"vc_gitem-zone-img\" alt=\"RIU HOTELS & RESORTS\"><div class=\"vc_gitem-zone-mini\"><\/div><\/div><\/div><div class=\"vc_gitem-zone vc_gitem-zone-c vc_custom_1419328663991\"><div class=\"vc_gitem-zone-mini\"><div class=\"vc_gitem_row vc_row vc_gitem-row-position-top\"><div class=\"vc_col-sm-12 vc_gitem-col vc_gitem-col-align-\"><div class=\"vc_gitem-post-data vc_gitem-post-data-source-post_categories vc_grid-filter vc_clearfix vc_grid-filter vc_clearfix vc_grid-filter- vc_grid-filter-size-md vc_grid-filter-center vc_grid-filter-center\"><\/div><div class=\"vc_custom_heading vc_gitem-post-data vc_gitem-post-data-source-post_title\" ><h4 style=\"text-align: left\" >RIU HOTELS &#038; RESORTS<\/h4><\/div><div class=\"vc_btn3-container vc_btn3-left\"><a class=\"vc_general vc_btn3 vc_btn3-size-md vc_btn3-shape-rounded vc_btn3-style-flat vc_btn3-color-black\" a href=\"https:\/\/wiseup.es\/en\/project\/riu-hotels-resorts\/\" title=\"Read more\">Read more<\/a><\/div><\/div><\/div><\/div><\/div><\/div><div class=\"vc_clearfix\"><\/div><\/div><div class=\"vc_grid-item vc_clearfix vc_col-sm-4 vc_grid-item-zone-c-bottom vc_grid-term-55 vc_grid-term-61 vc_grid-term-59 vc_grid-term-60\"><div class=\"vc_grid-item-mini vc_clearfix\"><div class=\"vc_gitem-animated-block\" ><div class=\"vc_gitem-zone vc_gitem-zone-a vc_gitem-is-link\" style=\"background-image: url('https:\/\/wiseup.es\/wp-content\/uploads\/2023\/04\/Bahia-Principe-Jamaica-250x150.png') !important;\"><a href=\"https:\/\/wiseup.es\/en\/project\/bahia-principe-hotels-resorts-jamaica\/\" title=\"BAHIA PRINCIPE HOTELS &#038; RESORTS &#8211; JAMAICA\" class=\"vc_gitem-link vc-zone-link\" ><\/a><img decoding=\"async\" src=\"https:\/\/wiseup.es\/wp-content\/uploads\/2023\/04\/Bahia-Principe-Jamaica-250x150.png\" class=\"vc_gitem-zone-img\" alt=\"BAHIA PRINCIPE HOTELS & RESORTS - JAMAICA\"><div class=\"vc_gitem-zone-mini\"><\/div><\/div><\/div><div class=\"vc_gitem-zone vc_gitem-zone-c vc_custom_1419328663991\"><div class=\"vc_gitem-zone-mini\"><div class=\"vc_gitem_row vc_row vc_gitem-row-position-top\"><div class=\"vc_col-sm-12 vc_gitem-col vc_gitem-col-align-\"><div class=\"vc_gitem-post-data vc_gitem-post-data-source-post_categories vc_grid-filter vc_clearfix vc_grid-filter vc_clearfix vc_grid-filter- vc_grid-filter-size-md vc_grid-filter-center vc_grid-filter-center\"><\/div><div class=\"vc_custom_heading vc_gitem-post-data vc_gitem-post-data-source-post_title\" ><h4 style=\"text-align: left\" >BAHIA PRINCIPE HOTELS &#038; RESORTS &#8211; JAMAICA<\/h4><\/div><div class=\"vc_btn3-container vc_btn3-left\"><a class=\"vc_general vc_btn3 vc_btn3-size-md vc_btn3-shape-rounded vc_btn3-style-flat vc_btn3-color-black\" a href=\"https:\/\/wiseup.es\/en\/project\/bahia-principe-hotels-resorts-jamaica\/\" title=\"Read more\">Read more<\/a><\/div><\/div><\/div><\/div><\/div><\/div><div class=\"vc_clearfix\"><\/div><\/div><div class=\"vc_grid-item vc_clearfix vc_col-sm-4 vc_grid-item-zone-c-bottom vc_grid-term-55 vc_grid-term-59\"><div class=\"vc_grid-item-mini vc_clearfix\"><div class=\"vc_gitem-animated-block\" ><div class=\"vc_gitem-zone vc_gitem-zone-a vc_gitem-is-link\" style=\"background-image: url('https:\/\/wiseup.es\/wp-content\/uploads\/2023\/04\/Bahia-Principe-El-Portillo-250x150.png') !important;\"><a href=\"https:\/\/wiseup.es\/en\/project\/bahia-principe-hotels-resorts-el-portillo\/\" title=\"BAHIA PRINCIPE HOTELS &#038; RESORTS &#8211; EL PORTILLO\" class=\"vc_gitem-link vc-zone-link\" ><\/a><img decoding=\"async\" src=\"https:\/\/wiseup.es\/wp-content\/uploads\/2023\/04\/Bahia-Principe-El-Portillo-250x150.png\" class=\"vc_gitem-zone-img\" alt=\"BAHIA PRINCIPE HOTELS & RESORTS - EL PORTILLO\"><div class=\"vc_gitem-zone-mini\"><\/div><\/div><\/div><div class=\"vc_gitem-zone vc_gitem-zone-c vc_custom_1419328663991\"><div class=\"vc_gitem-zone-mini\"><div class=\"vc_gitem_row vc_row vc_gitem-row-position-top\"><div class=\"vc_col-sm-12 vc_gitem-col vc_gitem-col-align-\"><div class=\"vc_gitem-post-data vc_gitem-post-data-source-post_categories vc_grid-filter vc_clearfix vc_grid-filter vc_clearfix vc_grid-filter- vc_grid-filter-size-md vc_grid-filter-center vc_grid-filter-center\"><\/div><div class=\"vc_custom_heading vc_gitem-post-data vc_gitem-post-data-source-post_title\" ><h4 style=\"text-align: left\" >BAHIA PRINCIPE HOTELS &#038; RESORTS &#8211; EL PORTILLO<\/h4><\/div><div class=\"vc_btn3-container vc_btn3-left\"><a class=\"vc_general vc_btn3 vc_btn3-size-md vc_btn3-shape-rounded vc_btn3-style-flat vc_btn3-color-black\" a href=\"https:\/\/wiseup.es\/en\/project\/bahia-principe-hotels-resorts-el-portillo\/\" title=\"Read more\">Read more<\/a><\/div><\/div><\/div><\/div><\/div><\/div><div class=\"vc_clearfix\"><\/div><\/div><div class=\"vc_grid-item vc_clearfix vc_col-sm-4 vc_grid-item-zone-c-bottom vc_grid-term-55 vc_grid-term-61 vc_grid-term-59 vc_grid-term-60\"><div class=\"vc_grid-item-mini vc_clearfix\"><div class=\"vc_gitem-animated-block\" ><div class=\"vc_gitem-zone vc_gitem-zone-a vc_gitem-is-link\" style=\"background-image: url('https:\/\/wiseup.es\/wp-content\/uploads\/2017\/11\/Bahia-Principe-Bavaro-250x150.png') !important;\"><a href=\"https:\/\/wiseup.es\/en\/project\/gene-rest-north-audreanneville-co\/\" title=\"BAHIA PRINCIPE HOTELS &#038; RESORTS &#8211; BAVARO\" class=\"vc_gitem-link vc-zone-link\" ><\/a><img decoding=\"async\" src=\"https:\/\/wiseup.es\/wp-content\/uploads\/2017\/11\/Bahia-Principe-Bavaro-250x150.png\" class=\"vc_gitem-zone-img\" alt=\"BAHIA PRINCIPE HOTELS & RESORTS - BAVARO\"><div class=\"vc_gitem-zone-mini\"><\/div><\/div><\/div><div class=\"vc_gitem-zone vc_gitem-zone-c vc_custom_1419328663991\"><div class=\"vc_gitem-zone-mini\"><div class=\"vc_gitem_row vc_row vc_gitem-row-position-top\"><div class=\"vc_col-sm-12 vc_gitem-col vc_gitem-col-align-\"><div class=\"vc_gitem-post-data vc_gitem-post-data-source-post_categories vc_grid-filter vc_clearfix vc_grid-filter vc_clearfix vc_grid-filter- vc_grid-filter-size-md vc_grid-filter-center vc_grid-filter-center\"><\/div><div class=\"vc_custom_heading vc_gitem-post-data vc_gitem-post-data-source-post_title\" ><h4 style=\"text-align: left\" >BAHIA PRINCIPE HOTELS &#038; RESORTS &#8211; BAVARO<\/h4><\/div><div class=\"vc_btn3-container vc_btn3-left\"><a class=\"vc_general vc_btn3 vc_btn3-size-md vc_btn3-shape-rounded vc_btn3-style-flat vc_btn3-color-black\" a href=\"https:\/\/wiseup.es\/en\/project\/gene-rest-north-audreanneville-co\/\" title=\"Read more\">Read more<\/a><\/div><\/div><\/div><\/div><\/div><\/div><div class=\"vc_clearfix\"><\/div><\/div><\/div><\/div>\n\t<\/div>\n<\/div><\/div><\/div><\/div>\t<\/div>\n<\/div>","protected":false},"excerpt":{"rendered":"Nuestros Proyectos TODO&nbsp;&nbsp;&nbsp;&nbsp;&nbsp;&nbsp;&nbsp;&nbsp;&nbsp;&nbsp;Energy Management System&nbsp;&nbsp;&nbsp;&nbsp;&nbsp;&nbsp;&nbsp;&nbsp;&nbsp;&nbsp;HOSPITALITY&nbsp;&nbsp;&nbsp;&nbsp;&nbsp;&nbsp;&nbsp;&nbsp;&nbsp;&nbsp;IAQ&nbsp;&nbsp;&nbsp;&nbsp;&nbsp;&nbsp;&nbsp;&nbsp;&nbsp;&nbsp;JUEGO&nbsp;&nbsp;&nbsp;&nbsp;&nbsp;&nbsp;&nbsp;&nbsp;&nbsp;&nbsp;Metering-BMS integraci\u00f3n-Submetering&nbsp;&nbsp;&nbsp;&nbsp;&nbsp;&nbsp;&nbsp;&nbsp;&nbsp;&nbsp;Metering-Fiscal&nbsp;&nbsp;&nbsp;&nbsp;&nbsp;&nbsp;&nbsp;&nbsp;&nbsp;&nbsp;Metering-Submetering&nbsp;&nbsp;&nbsp;&nbsp;&nbsp;&nbsp;&nbsp;&nbsp;&nbsp;&nbsp; AGENCIA HABITATGELeer m\u00e1sHI PARTNERSLeer m\u00e1sCIRSALeer m\u00e1sMAJESTIC RESORTS &#8211; PLAYA MUJERESLeer m\u00e1sMAJESTIC RESORTS &#8211; PUNTA CANALeer m\u00e1sRIU HOTELS &#038; RESORTSLeer m\u00e1sBAHIA PRINCIPE HOTELS &#038; RESORTS &#8211; JAMAICALeer m\u00e1sBAHIA PRINCIPE HOTELS &#038; RESORTS &#8211; EL PORTILLOLeer m\u00e1sBAHIA PRINCIPE HOTELS &#038; RESORTS &#8211; BAVAROLeer m\u00e1s","protected":false},"author":1,"featured_media":0,"parent":0,"menu_order":0,"comment_status":"closed","ping_status":"closed","template":"","meta":{"footnotes":""},"class_list":["post-21","page","type-page","status-publish","hentry"],"yoast_head":"<!-- This site is optimized with the Yoast SEO plugin v20.9 - https:\/\/yoast.com\/wordpress\/plugins\/seo\/ -->\n<title>Proyectos - Wise Up<\/title>\n<meta name=\"robots\" content=\"index, follow, max-snippet:-1, max-image-preview:large, max-video-preview:-1\" \/>\n<link rel=\"canonical\" href=\"https:\/\/wiseup.es\/en\/proyectos\/\" \/>\n<meta property=\"og:locale\" content=\"en_GB\" \/>\n<meta property=\"og:type\" content=\"article\" \/>\n<meta property=\"og:title\" content=\"Proyectos - Wise Up\" \/>\n<meta property=\"og:url\" content=\"https:\/\/wiseup.es\/en\/proyectos\/\" \/>\n<meta property=\"og:site_name\" content=\"Wise Up\" \/>\n<meta property=\"article:modified_time\" content=\"2023-06-15T10:14:10+00:00\" \/>\n<meta name=\"twitter:card\" content=\"summary_large_image\" \/>\n<meta name=\"twitter:label1\" content=\"Estimated reading time\" \/>\n\t<meta name=\"twitter:data1\" content=\"1 minute\" \/>\n<script type=\"application\/ld+json\" class=\"yoast-schema-graph\">{\"@context\":\"https:\/\/schema.org\",\"@graph\":[{\"@type\":\"WebPage\",\"@id\":\"https:\/\/wiseup.es\/proyectos\/\",\"url\":\"https:\/\/wiseup.es\/proyectos\/\",\"name\":\"Proyectos - Wise Up\",\"isPartOf\":{\"@id\":\"https:\/\/wiseup.es\/#website\"},\"datePublished\":\"2017-10-01T19:20:10+00:00\",\"dateModified\":\"2023-06-15T10:14:10+00:00\",\"breadcrumb\":{\"@id\":\"https:\/\/wiseup.es\/proyectos\/#breadcrumb\"},\"inLanguage\":\"en-GB\",\"potentialAction\":[{\"@type\":\"ReadAction\",\"target\":[\"https:\/\/wiseup.es\/proyectos\/\"]}]},{\"@type\":\"BreadcrumbList\",\"@id\":\"https:\/\/wiseup.es\/proyectos\/#breadcrumb\",\"itemListElement\":[{\"@type\":\"ListItem\",\"position\":1,\"name\":\"Portada\",\"item\":\"https:\/\/wiseup.es\/\"},{\"@type\":\"ListItem\",\"position\":2,\"name\":\"Proyectos\"}]},{\"@type\":\"WebSite\",\"@id\":\"https:\/\/wiseup.es\/#website\",\"url\":\"https:\/\/wiseup.es\/\",\"name\":\"Wise Up\",\"description\":\"Edificios inteligentes. Optimizamos energ\u00eda y operaciones.\",\"publisher\":{\"@id\":\"https:\/\/wiseup.es\/#organization\"},\"potentialAction\":[{\"@type\":\"SearchAction\",\"target\":{\"@type\":\"EntryPoint\",\"urlTemplate\":\"https:\/\/wiseup.es\/?s={search_term_string}\"},\"query-input\":\"required name=search_term_string\"}],\"inLanguage\":\"en-GB\"},{\"@type\":\"Organization\",\"@id\":\"https:\/\/wiseup.es\/#organization\",\"name\":\"Wise Up\",\"url\":\"https:\/\/wiseup.es\/\",\"logo\":{\"@type\":\"ImageObject\",\"inLanguage\":\"en-GB\",\"@id\":\"https:\/\/wiseup.es\/#\/schema\/logo\/image\/\",\"url\":\"https:\/\/wiseup.es\/wp-content\/uploads\/2023\/02\/cropped-cropped-wiseup-logo.png\",\"contentUrl\":\"https:\/\/wiseup.es\/wp-content\/uploads\/2023\/02\/cropped-cropped-wiseup-logo.png\",\"width\":869,\"height\":890,\"caption\":\"Wise Up\"},\"image\":{\"@id\":\"https:\/\/wiseup.es\/#\/schema\/logo\/image\/\"}}]}<\/script>\n<!-- \/ Yoast SEO plugin. -->","yoast_head_json":{"title":"Proyectos - Wise Up","robots":{"index":"index","follow":"follow","max-snippet":"max-snippet:-1","max-image-preview":"max-image-preview:large","max-video-preview":"max-video-preview:-1"},"canonical":"https:\/\/wiseup.es\/en\/proyectos\/","og_locale":"en_GB","og_type":"article","og_title":"Proyectos - Wise Up","og_url":"https:\/\/wiseup.es\/en\/proyectos\/","og_site_name":"Wise Up","article_modified_time":"2023-06-15T10:14:10+00:00","twitter_card":"summary_large_image","twitter_misc":{"Estimated reading time":"1 minute"},"schema":{"@context":"https:\/\/schema.org","@graph":[{"@type":"WebPage","@id":"https:\/\/wiseup.es\/proyectos\/","url":"https:\/\/wiseup.es\/proyectos\/","name":"Proyectos - Wise Up","isPartOf":{"@id":"https:\/\/wiseup.es\/#website"},"datePublished":"2017-10-01T19:20:10+00:00","dateModified":"2023-06-15T10:14:10+00:00","breadcrumb":{"@id":"https:\/\/wiseup.es\/proyectos\/#breadcrumb"},"inLanguage":"en-GB","potentialAction":[{"@type":"ReadAction","target":["https:\/\/wiseup.es\/proyectos\/"]}]},{"@type":"BreadcrumbList","@id":"https:\/\/wiseup.es\/proyectos\/#breadcrumb","itemListElement":[{"@type":"ListItem","position":1,"name":"Portada","item":"https:\/\/wiseup.es\/"},{"@type":"ListItem","position":2,"name":"Proyectos"}]},{"@type":"WebSite","@id":"https:\/\/wiseup.es\/#website","url":"https:\/\/wiseup.es\/","name":"Wise Up","description":"Edificios inteligentes. Optimizamos energ\u00eda y operaciones.","publisher":{"@id":"https:\/\/wiseup.es\/#organization"},"potentialAction":[{"@type":"SearchAction","target":{"@type":"EntryPoint","urlTemplate":"https:\/\/wiseup.es\/?s={search_term_string}"},"query-input":"required name=search_term_string"}],"inLanguage":"en-GB"},{"@type":"Organization","@id":"https:\/\/wiseup.es\/#organization","name":"Wise Up","url":"https:\/\/wiseup.es\/","logo":{"@type":"ImageObject","inLanguage":"en-GB","@id":"https:\/\/wiseup.es\/#\/schema\/logo\/image\/","url":"https:\/\/wiseup.es\/wp-content\/uploads\/2023\/02\/cropped-cropped-wiseup-logo.png","contentUrl":"https:\/\/wiseup.es\/wp-content\/uploads\/2023\/02\/cropped-cropped-wiseup-logo.png","width":869,"height":890,"caption":"Wise Up"},"image":{"@id":"https:\/\/wiseup.es\/#\/schema\/logo\/image\/"}}]}},"_links":{"self":[{"href":"https:\/\/wiseup.es\/en\/wp-json\/wp\/v2\/pages\/21","targetHints":{"allow":["GET"]}}],"collection":[{"href":"https:\/\/wiseup.es\/en\/wp-json\/wp\/v2\/pages"}],"about":[{"href":"https:\/\/wiseup.es\/en\/wp-json\/wp\/v2\/types\/page"}],"author":[{"embeddable":true,"href":"https:\/\/wiseup.es\/en\/wp-json\/wp\/v2\/users\/1"}],"replies":[{"embeddable":true,"href":"https:\/\/wiseup.es\/en\/wp-json\/wp\/v2\/comments?post=21"}],"version-history":[{"count":57,"href":"https:\/\/wiseup.es\/en\/wp-json\/wp\/v2\/pages\/21\/revisions"}],"predecessor-version":[{"id":2135,"href":"https:\/\/wiseup.es\/en\/wp-json\/wp\/v2\/pages\/21\/revisions\/2135"}],"wp:attachment":[{"href":"https:\/\/wiseup.es\/en\/wp-json\/wp\/v2\/media?parent=21"}],"curies":[{"name":"wp","href":"https:\/\/api.w.org\/{rel}","templated":true}]}}