{"id":1824,"date":"2023-03-27T10:27:51","date_gmt":"2023-03-27T10:27:51","guid":{"rendered":"https:\/\/wiseup.itcmdev.es\/?page_id=1824"},"modified":"2023-06-15T07:46:15","modified_gmt":"2023-06-15T07:46:15","slug":"declaracion-de-accesibilidad","status":"publish","type":"page","link":"https:\/\/wiseup.es\/en\/declaracion-de-accesibilidad\/","title":{"rendered":"Accessibility statement"},"content":{"rendered":"<div class=\"container clearfix\">\n\t<div class=\"vc_row wpb_row vc_custom_1677839755541\">\n\t\t<div class=\"wpb_column vc_column_container vc_col-sm-12\"><div class=\"vc_column-inner\"><div class=\"wpb_wrapper\">\n\t<div class=\"wpb_text_column wpb_content_element\" >\n\t\t<div class=\"wpb_wrapper\">\n\t\t\t<h2>Accessibility statement<\/h2>\n\n\t\t<\/div>\n\t<\/div>\n\n\t<div class=\"wpb_text_column wpb_content_element\" >\n\t\t<div class=\"wpb_wrapper\">\n\t\t\t<p>El organismo<strong> WiseUp<\/strong> (Wise Up Building Analytics Sl.<strong>)<\/strong>\u00a0se ha comprometido a hacer accesible\u00a0<a href=\"https:\/\/wiseup.es\/en\/\">https:\/\/wiseup.es\/<\/a>\u00a0de conformidad con el\u00a0<a href=\"https:\/\/www.boe.es\/buscar\/act.php?id=BOE-A-2018-12699\" target=\"_blank\" rel=\"noopener\">Real Decreto 1112\/2018, de 7 de septiembre, sobre accesibilidad de los sitios web y aplicaciones para dispositivos m\u00f3viles del sector p\u00fablico<\/a>.<\/p>\n<p>La presente declaraci\u00f3n de accesibilidad se aplica al sitio web <a href=\"https:\/\/wiseup.es\/en\/\">https:\/\/wiseup.es\/<\/a><\/p>\n<p>Este sitio web es plenamente conforme con\u00a0<strong>RD 1112\/2018<\/strong>.<\/p>\n<p><small>La presente declaraci\u00f3n fue preparada el 27 de marzo de 2023.<\/small><\/p>\n<p><small>El m\u00e9todo empleado para preparar la declaraci\u00f3n ha sido una autoevaluaci\u00f3n llevada a cabo por el propio organismo.<\/small><\/p>\n<p><small>\u00daltima revisi\u00f3n de la declaraci\u00f3n: 27 de marzo de 2023.<\/small><\/p>\n\n\t\t<\/div>\n\t<\/div>\n<\/div><\/div><\/div>\t<\/div>\n<\/div>","protected":false},"excerpt":{"rendered":"Declaraci\u00f3n de accesibilidad El organismo WiseUp (Wise Up Building Analytics Sl.)\u00a0se ha comprometido a hacer accesible\u00a0https:\/\/wiseup.es\/\u00a0de conformidad con el\u00a0Real Decreto 1112\/2018, de 7 de septiembre, sobre accesibilidad de los sitios web y aplicaciones para dispositivos m\u00f3viles del sector p\u00fablico. La presente declaraci\u00f3n de accesibilidad se aplica al sitio web https:\/\/wiseup.es\/ Este sitio web es plenamente [...]","protected":false},"author":1,"featured_media":0,"parent":0,"menu_order":0,"comment_status":"closed","ping_status":"closed","template":"","meta":{"footnotes":""},"class_list":["post-1824","page","type-page","status-publish","hentry"],"yoast_head":"<!-- This site is optimized with the Yoast SEO plugin v20.9 - https:\/\/yoast.com\/wordpress\/plugins\/seo\/ -->\n<title>Declaraci\u00f3n de accesibilidad - Wise Up<\/title>\n<meta name=\"robots\" content=\"index, follow, max-snippet:-1, max-image-preview:large, max-video-preview:-1\" \/>\n<link rel=\"canonical\" href=\"https:\/\/wiseup.es\/en\/declaracion-de-accesibilidad\/\" \/>\n<meta property=\"og:locale\" content=\"en_GB\" \/>\n<meta property=\"og:type\" content=\"article\" \/>\n<meta property=\"og:title\" content=\"Declaraci\u00f3n de accesibilidad - Wise Up\" \/>\n<meta property=\"og:url\" content=\"https:\/\/wiseup.es\/en\/declaracion-de-accesibilidad\/\" \/>\n<meta property=\"og:site_name\" content=\"Wise Up\" \/>\n<meta property=\"article:modified_time\" content=\"2023-06-15T07:46:15+00:00\" \/>\n<meta name=\"twitter:card\" content=\"summary_large_image\" \/>\n<meta name=\"twitter:label1\" content=\"Estimated reading time\" \/>\n\t<meta name=\"twitter:data1\" content=\"1 minute\" \/>\n<script type=\"application\/ld+json\" class=\"yoast-schema-graph\">{\"@context\":\"https:\/\/schema.org\",\"@graph\":[{\"@type\":\"WebPage\",\"@id\":\"https:\/\/wiseup.es\/declaracion-de-accesibilidad\/\",\"url\":\"https:\/\/wiseup.es\/declaracion-de-accesibilidad\/\",\"name\":\"Declaraci\u00f3n de accesibilidad - Wise Up\",\"isPartOf\":{\"@id\":\"https:\/\/wiseup.es\/#website\"},\"datePublished\":\"2023-03-27T10:27:51+00:00\",\"dateModified\":\"2023-06-15T07:46:15+00:00\",\"breadcrumb\":{\"@id\":\"https:\/\/wiseup.es\/declaracion-de-accesibilidad\/#breadcrumb\"},\"inLanguage\":\"en-GB\",\"potentialAction\":[{\"@type\":\"ReadAction\",\"target\":[\"https:\/\/wiseup.es\/declaracion-de-accesibilidad\/\"]}]},{\"@type\":\"BreadcrumbList\",\"@id\":\"https:\/\/wiseup.es\/declaracion-de-accesibilidad\/#breadcrumb\",\"itemListElement\":[{\"@type\":\"ListItem\",\"position\":1,\"name\":\"Portada\",\"item\":\"https:\/\/wiseup.es\/\"},{\"@type\":\"ListItem\",\"position\":2,\"name\":\"Declaraci\u00f3n de accesibilidad\"}]},{\"@type\":\"WebSite\",\"@id\":\"https:\/\/wiseup.es\/#website\",\"url\":\"https:\/\/wiseup.es\/\",\"name\":\"Wise Up\",\"description\":\"Edificios inteligentes. Optimizamos energ\u00eda y operaciones.\",\"publisher\":{\"@id\":\"https:\/\/wiseup.es\/#organization\"},\"potentialAction\":[{\"@type\":\"SearchAction\",\"target\":{\"@type\":\"EntryPoint\",\"urlTemplate\":\"https:\/\/wiseup.es\/?s={search_term_string}\"},\"query-input\":\"required name=search_term_string\"}],\"inLanguage\":\"en-GB\"},{\"@type\":\"Organization\",\"@id\":\"https:\/\/wiseup.es\/#organization\",\"name\":\"Wise Up\",\"url\":\"https:\/\/wiseup.es\/\",\"logo\":{\"@type\":\"ImageObject\",\"inLanguage\":\"en-GB\",\"@id\":\"https:\/\/wiseup.es\/#\/schema\/logo\/image\/\",\"url\":\"https:\/\/wiseup.es\/wp-content\/uploads\/2023\/02\/cropped-cropped-wiseup-logo.png\",\"contentUrl\":\"https:\/\/wiseup.es\/wp-content\/uploads\/2023\/02\/cropped-cropped-wiseup-logo.png\",\"width\":869,\"height\":890,\"caption\":\"Wise Up\"},\"image\":{\"@id\":\"https:\/\/wiseup.es\/#\/schema\/logo\/image\/\"}}]}<\/script>\n<!-- \/ Yoast SEO plugin. -->","yoast_head_json":{"title":"Declaraci\u00f3n de accesibilidad - Wise Up","robots":{"index":"index","follow":"follow","max-snippet":"max-snippet:-1","max-image-preview":"max-image-preview:large","max-video-preview":"max-video-preview:-1"},"canonical":"https:\/\/wiseup.es\/en\/declaracion-de-accesibilidad\/","og_locale":"en_GB","og_type":"article","og_title":"Declaraci\u00f3n de accesibilidad - Wise Up","og_url":"https:\/\/wiseup.es\/en\/declaracion-de-accesibilidad\/","og_site_name":"Wise Up","article_modified_time":"2023-06-15T07:46:15+00:00","twitter_card":"summary_large_image","twitter_misc":{"Estimated reading time":"1 minute"},"schema":{"@context":"https:\/\/schema.org","@graph":[{"@type":"WebPage","@id":"https:\/\/wiseup.es\/declaracion-de-accesibilidad\/","url":"https:\/\/wiseup.es\/declaracion-de-accesibilidad\/","name":"Declaraci\u00f3n de accesibilidad - Wise Up","isPartOf":{"@id":"https:\/\/wiseup.es\/#website"},"datePublished":"2023-03-27T10:27:51+00:00","dateModified":"2023-06-15T07:46:15+00:00","breadcrumb":{"@id":"https:\/\/wiseup.es\/declaracion-de-accesibilidad\/#breadcrumb"},"inLanguage":"en-GB","potentialAction":[{"@type":"ReadAction","target":["https:\/\/wiseup.es\/declaracion-de-accesibilidad\/"]}]},{"@type":"BreadcrumbList","@id":"https:\/\/wiseup.es\/declaracion-de-accesibilidad\/#breadcrumb","itemListElement":[{"@type":"ListItem","position":1,"name":"Portada","item":"https:\/\/wiseup.es\/"},{"@type":"ListItem","position":2,"name":"Declaraci\u00f3n de accesibilidad"}]},{"@type":"WebSite","@id":"https:\/\/wiseup.es\/#website","url":"https:\/\/wiseup.es\/","name":"Wise Up","description":"Edificios inteligentes. Optimizamos energ\u00eda y operaciones.","publisher":{"@id":"https:\/\/wiseup.es\/#organization"},"potentialAction":[{"@type":"SearchAction","target":{"@type":"EntryPoint","urlTemplate":"https:\/\/wiseup.es\/?s={search_term_string}"},"query-input":"required name=search_term_string"}],"inLanguage":"en-GB"},{"@type":"Organization","@id":"https:\/\/wiseup.es\/#organization","name":"Wise Up","url":"https:\/\/wiseup.es\/","logo":{"@type":"ImageObject","inLanguage":"en-GB","@id":"https:\/\/wiseup.es\/#\/schema\/logo\/image\/","url":"https:\/\/wiseup.es\/wp-content\/uploads\/2023\/02\/cropped-cropped-wiseup-logo.png","contentUrl":"https:\/\/wiseup.es\/wp-content\/uploads\/2023\/02\/cropped-cropped-wiseup-logo.png","width":869,"height":890,"caption":"Wise Up"},"image":{"@id":"https:\/\/wiseup.es\/#\/schema\/logo\/image\/"}}]}},"_links":{"self":[{"href":"https:\/\/wiseup.es\/en\/wp-json\/wp\/v2\/pages\/1824","targetHints":{"allow":["GET"]}}],"collection":[{"href":"https:\/\/wiseup.es\/en\/wp-json\/wp\/v2\/pages"}],"about":[{"href":"https:\/\/wiseup.es\/en\/wp-json\/wp\/v2\/types\/page"}],"author":[{"embeddable":true,"href":"https:\/\/wiseup.es\/en\/wp-json\/wp\/v2\/users\/1"}],"replies":[{"embeddable":true,"href":"https:\/\/wiseup.es\/en\/wp-json\/wp\/v2\/comments?post=1824"}],"version-history":[{"count":7,"href":"https:\/\/wiseup.es\/en\/wp-json\/wp\/v2\/pages\/1824\/revisions"}],"predecessor-version":[{"id":2109,"href":"https:\/\/wiseup.es\/en\/wp-json\/wp\/v2\/pages\/1824\/revisions\/2109"}],"wp:attachment":[{"href":"https:\/\/wiseup.es\/en\/wp-json\/wp\/v2\/media?parent=1824"}],"curies":[{"name":"wp","href":"https:\/\/api.w.org\/{rel}","templated":true}]}}