{"id":17,"date":"2017-10-01T19:19:17","date_gmt":"2017-10-01T19:19:17","guid":{"rendered":"https:\/\/import.brothersthemes.com\/nur\/?page_id=17"},"modified":"2023-02-24T09:43:20","modified_gmt":"2023-02-24T09:43:20","slug":"quienes-somos","status":"publish","type":"page","link":"https:\/\/wiseup.es\/en\/quienes-somos\/","title":{"rendered":"Qui\u00e9nes Somos"},"content":{"rendered":"<section class=\"vc_section city-bg\">\n\t\n<div class=\"container clearfix\">\n\t<div class=\"vc_row wpb_row\">\n\t\t<div class=\"wpb_column vc_column_container vc_col-sm-12\"><div class=\"vc_column-inner\"><div class=\"wpb_wrapper\">\n<div class=\"section-heading\">\n\t<h2 style=\"text-align: center;\"><strong><span style=\"vertical-align: inherit;\"><span style=\"vertical-align: inherit;\"><span style=\"vertical-align: inherit;\"><span style=\"vertical-align: inherit;\">Nuestra historia<\/span><\/span><\/span><\/span><\/strong><span class=\"decor-line\"><\/span><\/h2>\n<p style=\"text-align: left;\"><span style=\"vertical-align: inherit;\"><span style=\"vertical-align: inherit;\">Empresa fundada en <\/span><\/span><strong><span style=\"vertical-align: inherit;\"><span style=\"vertical-align: inherit;\">Office<\/span><\/span><\/strong><span style=\"vertical-align: inherit;\"><span style=\"vertical-align: inherit;\"> el <\/span><\/span><strong><span style=\"vertical-align: inherit;\"><span style=\"vertical-align: inherit;\">2015<\/span><\/span><\/strong><span style=\"vertical-align: inherit;\"><span style=\"vertical-align: inherit;\"> .<\/span><\/span><\/p>\n<p style=\"text-align: left;\"><span style=\"vertical-align: inherit;\"><span style=\"vertical-align: inherit;\">Oficinas en <\/span><\/span><strong><span style=\"vertical-align: inherit;\"><span style=\"vertical-align: inherit;\">Palma de Mallorca, <\/span><\/span><\/strong> <strong><span style=\"vertical-align: inherit;\"><span style=\"vertical-align: inherit;\">Gerona<\/span><\/span><\/strong><span style=\"vertical-align: inherit;\"><span style=\"vertical-align: inherit;\"> , <\/span><\/span><strong><span style=\"vertical-align: inherit;\"><span style=\"vertical-align: inherit;\">Office<\/span><\/span><\/strong><span style=\"vertical-align: inherit;\"><span style=\"vertical-align: inherit;\"> , <\/span><\/span><strong><span style=\"vertical-align: inherit;\"><span style=\"vertical-align: inherit;\">\u200b\u200bPunta Cana<\/span><\/span><\/strong><span style=\"vertical-align: inherit;\"><span style=\"vertical-align: inherit;\"> y <\/span><\/span><strong><span style=\"vertical-align: inherit;\"><span style=\"vertical-align: inherit;\">Riviera Maya<\/span><\/span><\/strong><span style=\"vertical-align: inherit;\"><span style=\"vertical-align: inherit;\"> .<\/span><\/span><\/p>\n<p style=\"text-align: left;\"><strong><span style=\"vertical-align: inherit;\"><span style=\"vertical-align: inherit;\">Plataforma IoT <\/span><\/span><\/strong> <strong><span style=\"vertical-align: inherit;\"><span style=\"vertical-align: inherit;\">propia<\/span><\/span><\/strong><span style=\"vertical-align: inherit;\"><span style=\"vertical-align: inherit;\"> .<\/span><\/span><\/p>\n<p style=\"text-align: left;\"><strong><span style=\"vertical-align: inherit;\"><span style=\"vertical-align: inherit;\">Ingenier\u00eda on-line<\/span><\/span><\/strong><span style=\"vertical-align: inherit;\"><span style=\"vertical-align: inherit;\"> soporte de instalaciones.<\/span><\/span><\/p>\n<\/div>\n<\/div><\/div><\/div>\t<\/div>\n<\/div>\n\n<div class=\"container clearfix\">\n\t<div class=\"vc_row wpb_row\">\n\t\t<div class=\"wpb_column vc_column_container vc_col-sm-6 vc_col-lg-5\"><div class=\"vc_column-inner\"><div class=\"wpb_wrapper\">\n\t<div class=\"wpb_text_column wpb_content_element\" >\n\t\t<div class=\"wpb_wrapper\">\n\t\t\t<p><strong>Soluci\u00f3n vertical edificios:<\/strong><\/p>\n<p>80+ Edificios p\u00fablicos<br \/>\n30+ Hoteles zona Caribe y Espa\u00f1a<br \/>\n400+ Equipos conectados.<br \/>\n10,000+ Active analyzed variables.<\/p>\n\n\t\t<\/div>\n\t<\/div>\n\n\t<div  class=\"wpb_single_image wpb_content_element vc_align_left\">\n\t\t\n\t\t<figure class=\"wpb_wrapper vc_figure\">\n\t\t\t<div class=\"vc_single_image-wrapper   vc_box_border_grey\"><img loading=\"lazy\" decoding=\"async\" width=\"2560\" height=\"1920\" src=\"https:\/\/wiseup.es\/wp-content\/uploads\/2023\/02\/Depositphotos_210614424_XL-scaled.jpg\" class=\"vc_single_image-img attachment-full\" alt=\"muchos edificios con cristaleras\" title=\"Skyscrapers of Tel Aviv. The technological and commercial center\" srcset=\"https:\/\/wiseup.es\/wp-content\/uploads\/2023\/02\/Depositphotos_210614424_XL-scaled.jpg 2560w, https:\/\/wiseup.es\/wp-content\/uploads\/2023\/02\/Depositphotos_210614424_XL-300x225.jpg 300w, https:\/\/wiseup.es\/wp-content\/uploads\/2023\/02\/Depositphotos_210614424_XL-1024x768.jpg 1024w, https:\/\/wiseup.es\/wp-content\/uploads\/2023\/02\/Depositphotos_210614424_XL-768x576.jpg 768w, https:\/\/wiseup.es\/wp-content\/uploads\/2023\/02\/Depositphotos_210614424_XL-1536x1152.jpg 1536w, https:\/\/wiseup.es\/wp-content\/uploads\/2023\/02\/Depositphotos_210614424_XL-2048x1536.jpg 2048w, https:\/\/wiseup.es\/wp-content\/uploads\/2023\/02\/Depositphotos_210614424_XL-133x100.jpg 133w, https:\/\/wiseup.es\/wp-content\/uploads\/2023\/02\/Depositphotos_210614424_XL-235x176.jpg 235w, https:\/\/wiseup.es\/wp-content\/uploads\/2023\/02\/Depositphotos_210614424_XL-480x360.jpg 480w, https:\/\/wiseup.es\/wp-content\/uploads\/2023\/02\/Depositphotos_210614424_XL-740x555.jpg 740w, https:\/\/wiseup.es\/wp-content\/uploads\/2023\/02\/Depositphotos_210614424_XL-1520x1140.jpg 1520w\" sizes=\"auto, (max-width: 2560px) 100vw, 2560px\" \/><\/div>\n\t\t<\/figure>\n\t<\/div>\n<\/div><\/div><\/div><div class=\"wpb_column vc_column_container vc_col-sm-6 vc_col-lg-offset-2 vc_col-lg-5\"><div class=\"vc_column-inner\"><div class=\"wpb_wrapper\">\n\t<div class=\"wpb_text_column wpb_content_element\" >\n\t\t<div class=\"wpb_wrapper\">\n\t\t\t<p>Nos complace presentarles nuestra empresa, fundada en Palma de Mallorca en el a\u00f1o 2015, con presencia en diversas ubicaciones como Palma de Mallorca, Gerona, Barcelona, Punta Cana y Riviera Maya.<\/p>\n<p>En nuestra visi\u00f3n innovadora, contamos con una plataforma IoT propia y una ingenier\u00eda en l\u00ednea para el soporte de instalaciones. Esta combinaci\u00f3n de herramientas tecnol\u00f3gicas nos permite ofrecer soluciones verticales para edificios, que se han convertido en nuestra especialidad.<\/p>\n<p>En la actualidad, hemos implementado nuestras soluciones en m\u00e1s de 80 edificios p\u00fablicos y 30 hoteles en la zona del Caribe y Espa\u00f1a. Adem\u00e1s, contamos con m\u00e1s de 400 equipos conectados y 10.000 variables analizadas activas.<\/p>\n<p>Nos enorgullece nuestro compromiso con la calidad y el servicio al cliente, y esperamos poder trabajar con ustedes para ofrecer soluciones personalizadas y adaptadas a sus necesidades espec\u00edficas.<\/p>\n\n\t\t<\/div>\n\t<\/div>\n<\/div><\/div><\/div>\t<\/div>\n<\/div>\n<\/section>","protected":false},"excerpt":{"rendered":"Nuestra historia Empresa fundada en Palma de Mallorca el 2015 . Oficinas en Palma de Mallorca, Gerona , Barcelona , \u200b\u200bPunta Cana y Riviera Maya . Plataforma IoT propia . Ingenier\u00eda on-line soporte de instalaciones. Soluci\u00f3n vertical edificios: 80+ Edificios p\u00fablicos 30+ Hoteles zona Caribe y Espa\u00f1a 400+ Equipos conectados. 10.000+ Variables analizadas activas. Nos [...]","protected":false},"author":1,"featured_media":0,"parent":0,"menu_order":0,"comment_status":"closed","ping_status":"closed","template":"","meta":{"footnotes":""},"class_list":["post-17","page","type-page","status-publish","hentry"],"yoast_head":"<!-- This site is optimized with the Yoast SEO plugin v20.9 - https:\/\/yoast.com\/wordpress\/plugins\/seo\/ -->\n<title>Qui\u00e9nes Somos - Wise Up<\/title>\n<meta name=\"robots\" content=\"index, follow, max-snippet:-1, max-image-preview:large, max-video-preview:-1\" \/>\n<link rel=\"canonical\" href=\"https:\/\/wiseup.es\/en\/quienes-somos\/\" \/>\n<meta property=\"og:locale\" content=\"en_GB\" \/>\n<meta property=\"og:type\" content=\"article\" \/>\n<meta property=\"og:title\" content=\"Qui\u00e9nes Somos - Wise Up\" \/>\n<meta property=\"og:url\" content=\"https:\/\/wiseup.es\/en\/quienes-somos\/\" \/>\n<meta property=\"og:site_name\" content=\"Wise Up\" \/>\n<meta property=\"article:modified_time\" content=\"2023-02-24T09:43:20+00:00\" \/>\n<meta name=\"twitter:card\" content=\"summary_large_image\" \/>\n<meta name=\"twitter:label1\" content=\"Estimated reading time\" \/>\n\t<meta name=\"twitter:data1\" content=\"1 minute\" \/>\n<script type=\"application\/ld+json\" class=\"yoast-schema-graph\">{\"@context\":\"https:\/\/schema.org\",\"@graph\":[{\"@type\":\"WebPage\",\"@id\":\"https:\/\/wiseup.es\/quienes-somos\/\",\"url\":\"https:\/\/wiseup.es\/quienes-somos\/\",\"name\":\"Qui\u00e9nes Somos - Wise Up\",\"isPartOf\":{\"@id\":\"https:\/\/wiseup.es\/#website\"},\"datePublished\":\"2017-10-01T19:19:17+00:00\",\"dateModified\":\"2023-02-24T09:43:20+00:00\",\"breadcrumb\":{\"@id\":\"https:\/\/wiseup.es\/quienes-somos\/#breadcrumb\"},\"inLanguage\":\"en-GB\",\"potentialAction\":[{\"@type\":\"ReadAction\",\"target\":[\"https:\/\/wiseup.es\/quienes-somos\/\"]}]},{\"@type\":\"BreadcrumbList\",\"@id\":\"https:\/\/wiseup.es\/quienes-somos\/#breadcrumb\",\"itemListElement\":[{\"@type\":\"ListItem\",\"position\":1,\"name\":\"Portada\",\"item\":\"https:\/\/wiseup.es\/\"},{\"@type\":\"ListItem\",\"position\":2,\"name\":\"Qui\u00e9nes Somos\"}]},{\"@type\":\"WebSite\",\"@id\":\"https:\/\/wiseup.es\/#website\",\"url\":\"https:\/\/wiseup.es\/\",\"name\":\"Wise Up\",\"description\":\"Edificios inteligentes. Optimizamos energ\u00eda y operaciones.\",\"publisher\":{\"@id\":\"https:\/\/wiseup.es\/#organization\"},\"potentialAction\":[{\"@type\":\"SearchAction\",\"target\":{\"@type\":\"EntryPoint\",\"urlTemplate\":\"https:\/\/wiseup.es\/?s={search_term_string}\"},\"query-input\":\"required name=search_term_string\"}],\"inLanguage\":\"en-GB\"},{\"@type\":\"Organization\",\"@id\":\"https:\/\/wiseup.es\/#organization\",\"name\":\"Wise Up\",\"url\":\"https:\/\/wiseup.es\/\",\"logo\":{\"@type\":\"ImageObject\",\"inLanguage\":\"en-GB\",\"@id\":\"https:\/\/wiseup.es\/#\/schema\/logo\/image\/\",\"url\":\"https:\/\/wiseup.es\/wp-content\/uploads\/2023\/02\/cropped-cropped-wiseup-logo.png\",\"contentUrl\":\"https:\/\/wiseup.es\/wp-content\/uploads\/2023\/02\/cropped-cropped-wiseup-logo.png\",\"width\":869,\"height\":890,\"caption\":\"Wise Up\"},\"image\":{\"@id\":\"https:\/\/wiseup.es\/#\/schema\/logo\/image\/\"}}]}<\/script>\n<!-- \/ Yoast SEO plugin. -->","yoast_head_json":{"title":"Qui\u00e9nes Somos - Wise Up","robots":{"index":"index","follow":"follow","max-snippet":"max-snippet:-1","max-image-preview":"max-image-preview:large","max-video-preview":"max-video-preview:-1"},"canonical":"https:\/\/wiseup.es\/en\/quienes-somos\/","og_locale":"en_GB","og_type":"article","og_title":"Qui\u00e9nes Somos - Wise Up","og_url":"https:\/\/wiseup.es\/en\/quienes-somos\/","og_site_name":"Wise Up","article_modified_time":"2023-02-24T09:43:20+00:00","twitter_card":"summary_large_image","twitter_misc":{"Estimated reading time":"1 minute"},"schema":{"@context":"https:\/\/schema.org","@graph":[{"@type":"WebPage","@id":"https:\/\/wiseup.es\/quienes-somos\/","url":"https:\/\/wiseup.es\/quienes-somos\/","name":"Qui\u00e9nes Somos - Wise Up","isPartOf":{"@id":"https:\/\/wiseup.es\/#website"},"datePublished":"2017-10-01T19:19:17+00:00","dateModified":"2023-02-24T09:43:20+00:00","breadcrumb":{"@id":"https:\/\/wiseup.es\/quienes-somos\/#breadcrumb"},"inLanguage":"en-GB","potentialAction":[{"@type":"ReadAction","target":["https:\/\/wiseup.es\/quienes-somos\/"]}]},{"@type":"BreadcrumbList","@id":"https:\/\/wiseup.es\/quienes-somos\/#breadcrumb","itemListElement":[{"@type":"ListItem","position":1,"name":"Portada","item":"https:\/\/wiseup.es\/"},{"@type":"ListItem","position":2,"name":"Qui\u00e9nes Somos"}]},{"@type":"WebSite","@id":"https:\/\/wiseup.es\/#website","url":"https:\/\/wiseup.es\/","name":"Wise Up","description":"Edificios inteligentes. Optimizamos energ\u00eda y operaciones.","publisher":{"@id":"https:\/\/wiseup.es\/#organization"},"potentialAction":[{"@type":"SearchAction","target":{"@type":"EntryPoint","urlTemplate":"https:\/\/wiseup.es\/?s={search_term_string}"},"query-input":"required name=search_term_string"}],"inLanguage":"en-GB"},{"@type":"Organization","@id":"https:\/\/wiseup.es\/#organization","name":"Wise Up","url":"https:\/\/wiseup.es\/","logo":{"@type":"ImageObject","inLanguage":"en-GB","@id":"https:\/\/wiseup.es\/#\/schema\/logo\/image\/","url":"https:\/\/wiseup.es\/wp-content\/uploads\/2023\/02\/cropped-cropped-wiseup-logo.png","contentUrl":"https:\/\/wiseup.es\/wp-content\/uploads\/2023\/02\/cropped-cropped-wiseup-logo.png","width":869,"height":890,"caption":"Wise Up"},"image":{"@id":"https:\/\/wiseup.es\/#\/schema\/logo\/image\/"}}]}},"_links":{"self":[{"href":"https:\/\/wiseup.es\/en\/wp-json\/wp\/v2\/pages\/17","targetHints":{"allow":["GET"]}}],"collection":[{"href":"https:\/\/wiseup.es\/en\/wp-json\/wp\/v2\/pages"}],"about":[{"href":"https:\/\/wiseup.es\/en\/wp-json\/wp\/v2\/types\/page"}],"author":[{"embeddable":true,"href":"https:\/\/wiseup.es\/en\/wp-json\/wp\/v2\/users\/1"}],"replies":[{"embeddable":true,"href":"https:\/\/wiseup.es\/en\/wp-json\/wp\/v2\/comments?post=17"}],"version-history":[{"count":9,"href":"https:\/\/wiseup.es\/en\/wp-json\/wp\/v2\/pages\/17\/revisions"}],"predecessor-version":[{"id":954,"href":"https:\/\/wiseup.es\/en\/wp-json\/wp\/v2\/pages\/17\/revisions\/954"}],"wp:attachment":[{"href":"https:\/\/wiseup.es\/en\/wp-json\/wp\/v2\/media?parent=17"}],"curies":[{"name":"wp","href":"https:\/\/api.w.org\/{rel}","templated":true}]}}